{"id":42,"date":"2007-04-17T11:54:37","date_gmt":"2007-04-17T10:54:37","guid":{"rendered":"http:\/\/effective-academy.de\/effective\/?page_id=42"},"modified":"2026-03-16T09:35:32","modified_gmt":"2026-03-16T08:35:32","slug":"impressum","status":"publish","type":"page","link":"http:\/\/donike-training.de\/web\/impressum\/","title":{"rendered":"Impressum"},"content":{"rendered":"<p>Diplom Sportlehrerin Daniela L. Donike<\/p>\n<p>Mailahn 11 in 53797 Lohmar-H\u00f6ffen<\/p>\n<p>Kontakt: daniela@donike-training.de<\/p>\n<p><strong>Steuernummer: 215\/5035\/2657.<\/strong><\/p>\n<p><strong>Die Donike Methode ist eine eingetragene Marke: Nr 30 2021 250 850<\/strong><\/p>\n<p>WICHTIG: Die Sporttherapie ersetzt nicht den Arztbesuch! Kl\u00e4ren Sie vor der Buchung mit dem Arzt die Unbedenklichkeit von gezielter Bewegung, Entspannung und gesunder Ern\u00e4hrung.<br \/>\n__________________________<\/p>\n<p><strong>1. <strong><a href=\"http:\/\/donike-training.de\/web\/impressum\/datenschutz\/\">Datenschutz<\/a>:<\/strong> Deine Daten werden im Rahmen der gesetzlichen Vorschriften gesch\u00fctzt. Mit dem Datenschutzgesetz Mai 2018 haben wir entsprechend eine eigene <a href=\"http:\/\/donike-training.de\/web\/kontakt\/datenschutz\/\"><strong>Datenschutzseite <\/strong><\/a>eingerichtet.<\/strong><\/p>\n<p><strong>2. Sicherheitshinweis: <\/strong> Bei der Kommunikation per Email kann die vollst\u00e4ndige Datensicherheit von uns nicht gew\u00e4hrleistet werden, so dass wir bei vertraulichen Informationen den Postweg empfehlen.<\/p>\n<p><strong>3. Haftung f\u00fcr Inhalte<\/strong>: Die Inhalte dieser Seiten wurden mit unserer gr\u00f6\u00dftm\u00f6glichen Sorgfalt und Respekt erstellt. Als Diensteanbieter bin ich gem\u00e4\u00df \u00a7 6 Abs.1 MDStV und \u00a7 8 Abs.1 TDG f\u00fcr eigene Inhalte auf diesen Seiten nach den allgemeinen Gesetzen verantwortlich. Diensteanbieter sind jedoch nicht verpflichtet, die von Dir \u00fcbermittelten oder gespeicherten fremden Informationen zu \u00fcberwachen oder nach Umst\u00e4nden zu forschen, die auf eine rechtswidrige T\u00e4tigkeit hinweisen. Verpflichtungen zur Entfernung oder Sperrung der Nutzung von Informationen nach den allgemeinen Gesetzen bleiben hiervon unber\u00fchrt. Eine diesbez\u00fcgliche Haftung ist jedoch erst ab dem Zeitpunkt der Kenntnis einer konkreten Rechtsverletzung m\u00f6glich. Bei bekannt werden von entsprechenden Rechtsverletzungen werde ich diese Inhalte umgehend entfernen.<\/p>\n<p><strong>4. Haftung f\u00fcr Links<\/strong>\/<strong>Haftungsausschluss: <\/strong>Trotz sorgf\u00e4ltiger inhaltlicher Kontrolle \u00fcbernehme ich keine Haftung f\u00fcr die Inhalte externer Links. Mein Angebot enth\u00e4lt Links zu externen Webseiten Dritter, auf deren Inhalte ich keinen Einfluss hab. Deshalb kann ich f\u00fcr diese fremden Inhalte auch keine Gew\u00e4hr \u00fcbernehmen. F\u00fcr die Inhalte der verlinkten Seiten ist stets der jeweilige Anbieter oder Betreiber der Seiten verantwortlich. Die verlinkten Seiten wurden zum Zeitpunkt der Verlinkung auf m\u00f6gliche Rechtsverst\u00f6\u00dfe \u00fcberpr\u00fcft. Rechtswidrige Inhalte waren zum Zeitpunkt der Verlinkung nicht erkennbar. Eine permanente inhaltliche Kontrolle der verlinkten Seiten ist jedoch ohne konkrete Anhaltspunkte einer Rechtsverletzung nicht zumutbar. Bei bekannt werden von Rechtsverletzungen werde ich derartige Links umgehend entfernen.<\/p>\n<p><strong>5. Urheberrecht: <\/strong>Ich bin bem\u00fcht, stets die Urheberrechte anderer zu beachten bzw. auf selbst erstellte sowie lizenzfreie Werke zur\u00fcckzugreifen.<br \/>\nDie durch die Seitenbetreiber erstellten Inhalte und Werke auf diesen Seiten unterliegen dem deutschen Urheberrecht. Beitr\u00e4ge Dritter sind als solche gekennzeichnet. Die Vervielf\u00e4ltigung, Bearbeitung, Verbreitung und jede Art der Verwertung au\u00dferhalb der Grenzen des Urheberrechtes bed\u00fcrfen der schriftlichen Zustimmung des jeweiligen Autors bzw. Erstellers. Downloads und Kopien dieser Seite sind nur f\u00fcr den privaten, nicht kommerziellen Gebrauch gestattet.<\/p>\n<p><strong>Urhebernachweis: <\/strong>Bilder, Filme und Texte alle Rechte Daniela Donike<\/p>\n<p><strong>6. Allgemeine Zusatzinformation:<\/strong> Der Nutzung von im Rahmen der Impressumspflicht ver\u00f6ffentlichten Kontaktdaten durch Dritte zur \u00dcbersendung von nicht ausdr\u00fccklich angeforderter Werbung und Informationsmaterialien wird hiermit ausdr\u00fccklich widersprochen. <strong><br \/>\n<\/strong><\/p>\n<p><strong>7. Salvatorische Klausel: <\/strong>Sollten sich einzelne Bestimmungen des Impressums ganz oder teilweise als unwirksam oder undurchf\u00fchrbar erweisen, bleiben die \u00fcbrigen Bestimmungen unber\u00fchrt.<\/p>\n","protected":false},"excerpt":{"rendered":"<p>Diplom Sportlehrerin Daniela L. Donike Mailahn 11 in 53797 Lohmar-H\u00f6ffen Kontakt: daniela@donike-training.de Steuernummer: 215\/5035\/2657. Die Donike Methode ist eine eingetragene Marke: Nr 30 2021 250 850 WICHTIG: Die Sporttherapie ersetzt nicht den Arztbesuch! Kl\u00e4ren Sie vor der Buchung mit dem &hellip; <a href=\"http:\/\/donike-training.de\/web\/impressum\/\">Weiterlesen <span class=\"meta-nav\">&rarr;<\/span><\/a><\/p>\n","protected":false},"author":1,"featured_media":0,"parent":0,"menu_order":10,"comment_status":"closed","ping_status":"closed","template":"sidebar-page.php","meta":[],"yoast_head":"<!-- This site is optimized with the Yoast SEO plugin v18.0 - https:\/\/yoast.com\/wordpress\/plugins\/seo\/ -->\n<meta name=\"robots\" content=\"index, follow, max-snippet:-1, max-image-preview:large, max-video-preview:-1\" \/>\n<link rel=\"canonical\" href=\"http:\/\/donike-training.de\/web\/impressum\/\" \/>\n<meta property=\"og:locale\" content=\"de_DE\" \/>\n<meta property=\"og:type\" content=\"article\" \/>\n<meta property=\"og:title\" content=\"Impressum - Donike Methode \u00ae\" \/>\n<meta property=\"og:description\" content=\"Diplom Sportlehrerin Daniela L. Donike Mailahn 11 in 53797 Lohmar-H\u00f6ffen Kontakt: daniela@donike-training.de Steuernummer: 215\/5035\/2657. Die Donike Methode ist eine eingetragene Marke: Nr 30 2021 250 850 WICHTIG: Die Sporttherapie ersetzt nicht den Arztbesuch! Kl\u00e4ren Sie vor der Buchung mit dem &hellip; Weiterlesen &rarr;\" \/>\n<meta property=\"og:url\" content=\"http:\/\/donike-training.de\/web\/impressum\/\" \/>\n<meta property=\"og:site_name\" content=\"Donike Methode \u00ae\" \/>\n<meta property=\"article:modified_time\" content=\"2026-03-16T08:35:32+00:00\" \/>\n<meta name=\"twitter:card\" content=\"summary_large_image\" \/>\n<meta name=\"twitter:label1\" content=\"Gesch\u00e4tzte Lesezeit\" \/>\n\t<meta name=\"twitter:data1\" content=\"3\u00a0Minuten\" \/>\n<script type=\"application\/ld+json\" class=\"yoast-schema-graph\">{\"@context\":\"https:\/\/schema.org\",\"@graph\":[{\"@type\":\"WebSite\",\"@id\":\"http:\/\/donike-training.de\/web\/#website\",\"url\":\"http:\/\/donike-training.de\/web\/\",\"name\":\"Donike Methode \u00ae\",\"description\":\"\",\"potentialAction\":[{\"@type\":\"SearchAction\",\"target\":{\"@type\":\"EntryPoint\",\"urlTemplate\":\"http:\/\/donike-training.de\/web\/?s={search_term_string}\"},\"query-input\":\"required name=search_term_string\"}],\"inLanguage\":\"de\"},{\"@type\":\"WebPage\",\"@id\":\"http:\/\/donike-training.de\/web\/impressum\/#webpage\",\"url\":\"http:\/\/donike-training.de\/web\/impressum\/\",\"name\":\"Impressum - Donike Methode \u00ae\",\"isPartOf\":{\"@id\":\"http:\/\/donike-training.de\/web\/#website\"},\"datePublished\":\"2007-04-17T10:54:37+00:00\",\"dateModified\":\"2026-03-16T08:35:32+00:00\",\"breadcrumb\":{\"@id\":\"http:\/\/donike-training.de\/web\/impressum\/#breadcrumb\"},\"inLanguage\":\"de\",\"potentialAction\":[{\"@type\":\"ReadAction\",\"target\":[\"http:\/\/donike-training.de\/web\/impressum\/\"]}]},{\"@type\":\"BreadcrumbList\",\"@id\":\"http:\/\/donike-training.de\/web\/impressum\/#breadcrumb\",\"itemListElement\":[{\"@type\":\"ListItem\",\"position\":1,\"name\":\"Startseite\",\"item\":\"http:\/\/donike-training.de\/web\/\"},{\"@type\":\"ListItem\",\"position\":2,\"name\":\"Impressum\"}]}]}<\/script>\n<!-- \/ Yoast SEO plugin. -->","yoast_head_json":{"robots":{"index":"index","follow":"follow","max-snippet":"max-snippet:-1","max-image-preview":"max-image-preview:large","max-video-preview":"max-video-preview:-1"},"canonical":"http:\/\/donike-training.de\/web\/impressum\/","og_locale":"de_DE","og_type":"article","og_title":"Impressum - Donike Methode \u00ae","og_description":"Diplom Sportlehrerin Daniela L. Donike Mailahn 11 in 53797 Lohmar-H\u00f6ffen Kontakt: daniela@donike-training.de Steuernummer: 215\/5035\/2657. Die Donike Methode ist eine eingetragene Marke: Nr 30 2021 250 850 WICHTIG: Die Sporttherapie ersetzt nicht den Arztbesuch! Kl\u00e4ren Sie vor der Buchung mit dem &hellip; Weiterlesen &rarr;","og_url":"http:\/\/donike-training.de\/web\/impressum\/","og_site_name":"Donike Methode \u00ae","article_modified_time":"2026-03-16T08:35:32+00:00","twitter_card":"summary_large_image","twitter_misc":{"Gesch\u00e4tzte Lesezeit":"3\u00a0Minuten"},"schema":{"@context":"https:\/\/schema.org","@graph":[{"@type":"WebSite","@id":"http:\/\/donike-training.de\/web\/#website","url":"http:\/\/donike-training.de\/web\/","name":"Donike Methode \u00ae","description":"","potentialAction":[{"@type":"SearchAction","target":{"@type":"EntryPoint","urlTemplate":"http:\/\/donike-training.de\/web\/?s={search_term_string}"},"query-input":"required name=search_term_string"}],"inLanguage":"de"},{"@type":"WebPage","@id":"http:\/\/donike-training.de\/web\/impressum\/#webpage","url":"http:\/\/donike-training.de\/web\/impressum\/","name":"Impressum - Donike Methode \u00ae","isPartOf":{"@id":"http:\/\/donike-training.de\/web\/#website"},"datePublished":"2007-04-17T10:54:37+00:00","dateModified":"2026-03-16T08:35:32+00:00","breadcrumb":{"@id":"http:\/\/donike-training.de\/web\/impressum\/#breadcrumb"},"inLanguage":"de","potentialAction":[{"@type":"ReadAction","target":["http:\/\/donike-training.de\/web\/impressum\/"]}]},{"@type":"BreadcrumbList","@id":"http:\/\/donike-training.de\/web\/impressum\/#breadcrumb","itemListElement":[{"@type":"ListItem","position":1,"name":"Startseite","item":"http:\/\/donike-training.de\/web\/"},{"@type":"ListItem","position":2,"name":"Impressum"}]}]}},"_links":{"self":[{"href":"http:\/\/donike-training.de\/web\/wp-json\/wp\/v2\/pages\/42"}],"collection":[{"href":"http:\/\/donike-training.de\/web\/wp-json\/wp\/v2\/pages"}],"about":[{"href":"http:\/\/donike-training.de\/web\/wp-json\/wp\/v2\/types\/page"}],"author":[{"embeddable":true,"href":"http:\/\/donike-training.de\/web\/wp-json\/wp\/v2\/users\/1"}],"replies":[{"embeddable":true,"href":"http:\/\/donike-training.de\/web\/wp-json\/wp\/v2\/comments?post=42"}],"version-history":[{"count":119,"href":"http:\/\/donike-training.de\/web\/wp-json\/wp\/v2\/pages\/42\/revisions"}],"predecessor-version":[{"id":20932,"href":"http:\/\/donike-training.de\/web\/wp-json\/wp\/v2\/pages\/42\/revisions\/20932"}],"wp:attachment":[{"href":"http:\/\/donike-training.de\/web\/wp-json\/wp\/v2\/media?parent=42"}],"curies":[{"name":"wp","href":"https:\/\/api.w.org\/{rel}","templated":true}]}}